{"id":5622,"date":"2021-04-29T09:34:18","date_gmt":"2021-04-29T09:34:18","guid":{"rendered":"https:\/\/www.subliminal-laser-therapy.com\/polityka-plikow-cookie\/"},"modified":"2025-10-03T12:05:31","modified_gmt":"2025-10-03T12:05:31","slug":"polityka-plikow-cookie","status":"publish","type":"page","link":"https:\/\/www.subliminal-laser-therapy.com\/pl\/polityka-plikow-cookie\/","title":{"rendered":"POLITYKA PLIK\u00d3W COOKIE"},"content":{"rendered":"\t\t<div data-elementor-type=\"wp-page\" data-elementor-id=\"5622\" data-post-id=\"5622\" data-obj-id=\"5622\" class=\"elementor elementor-5622 dce-elementor-post-5622 elementor-1296\" data-elementor-post-type=\"page\">\n\t\t\t\t\t\t<section class=\"elementor-section elementor-top-section elementor-element elementor-element-3f83fab elementor-section-boxed elementor-section-height-default elementor-section-height-default\" data-id=\"3f83fab\" data-element_type=\"section\" data-e-type=\"section\" data-settings=\"{&quot;jet_parallax_layout_list&quot;:[{&quot;_id&quot;:&quot;16659b5&quot;,&quot;jet_parallax_layout_image&quot;:{&quot;url&quot;:&quot;&quot;,&quot;id&quot;:&quot;&quot;,&quot;size&quot;:&quot;&quot;},&quot;jet_parallax_layout_image_tablet&quot;:{&quot;url&quot;:&quot;&quot;,&quot;id&quot;:&quot;&quot;,&quot;size&quot;:&quot;&quot;},&quot;jet_parallax_layout_image_mobile&quot;:{&quot;url&quot;:&quot;&quot;,&quot;id&quot;:&quot;&quot;,&quot;size&quot;:&quot;&quot;},&quot;jet_parallax_layout_speed&quot;:{&quot;unit&quot;:&quot;%&quot;,&quot;size&quot;:50,&quot;sizes&quot;:[]},&quot;jet_parallax_layout_type&quot;:&quot;scroll&quot;,&quot;jet_parallax_layout_direction&quot;:&quot;1&quot;,&quot;jet_parallax_layout_fx_direction&quot;:null,&quot;jet_parallax_layout_z_index&quot;:&quot;&quot;,&quot;jet_parallax_layout_bg_x&quot;:50,&quot;jet_parallax_layout_bg_x_tablet&quot;:&quot;&quot;,&quot;jet_parallax_layout_bg_x_mobile&quot;:&quot;&quot;,&quot;jet_parallax_layout_bg_y&quot;:50,&quot;jet_parallax_layout_bg_y_tablet&quot;:&quot;&quot;,&quot;jet_parallax_layout_bg_y_mobile&quot;:&quot;&quot;,&quot;jet_parallax_layout_bg_size&quot;:&quot;auto&quot;,&quot;jet_parallax_layout_bg_size_tablet&quot;:&quot;&quot;,&quot;jet_parallax_layout_bg_size_mobile&quot;:&quot;&quot;,&quot;jet_parallax_layout_animation_prop&quot;:&quot;transform&quot;,&quot;jet_parallax_layout_on&quot;:[&quot;desktop&quot;,&quot;tablet&quot;]}]}\">\n\t\t\t\t\t\t<div class=\"elementor-container elementor-column-gap-default\">\n\t\t\t\t\t<div class=\"elementor-column elementor-col-100 elementor-top-column elementor-element elementor-element-4c70d7d\" data-id=\"4c70d7d\" data-element_type=\"column\" data-e-type=\"column\">\n\t\t\t<div class=\"elementor-widget-wrap elementor-element-populated\">\n\t\t\t\t\t\t<div class=\"elementor-element elementor-element-ee5c7d3 elementor-widget elementor-widget-jet-breadcrumbs\" data-id=\"ee5c7d3\" data-element_type=\"widget\" data-e-type=\"widget\" data-widget_type=\"jet-breadcrumbs.default\">\n\t\t\t\t<div class=\"elementor-widget-container\">\n\t\t\t\t\t<div class=\"elementor-jet-breadcrumbs jet-blocks\">\n\t\t<div class=\"jet-breadcrumbs\">\n\t\t<div class=\"jet-breadcrumbs__content\">\n\t\t<div class=\"jet-breadcrumbs__wrap\"><div class=\"jet-breadcrumbs__item\"><a href=\"https:\/\/www.subliminal-laser-therapy.com\/pl\/\" class=\"jet-breadcrumbs__item-link is-home\" rel=\"home\" title=\"LECZENIE LASEROWE TECHNIK\u0104 SUBLIMINAL: LECZENIE PLAMKI \u017b\u00d3\u0141TEJ\">LECZENIE LASEROWE TECHNIK\u0104 SUBLIMINAL: LECZENIE PLAMKI \u017b\u00d3\u0141TEJ<\/a><\/div>\n\t\t<\/div>\n\t\t<\/div>\n\t\t<\/div><\/div>\t\t\t\t<\/div>\n\t\t\t\t<\/div>\n\t\t\t\t<div class=\"elementor-element elementor-element-2b345b1 elementor-widget elementor-widget-heading\" data-id=\"2b345b1\" data-element_type=\"widget\" data-e-type=\"widget\" data-widget_type=\"heading.default\">\n\t\t\t\t<div class=\"elementor-widget-container\">\n\t\t\t\t\t<h1 class=\"elementor-heading-title elementor-size-default\">POLITYKA PLIK\u00d3W COOKIE<\/h1>\t\t\t\t<\/div>\n\t\t\t\t<\/div>\n\t\t\t\t<div class=\"elementor-element elementor-element-2cb70b6 elementor-widget elementor-widget-text-editor\" data-id=\"2cb70b6\" data-element_type=\"widget\" data-e-type=\"widget\" data-widget_type=\"text-editor.default\">\n\t\t\t\t<div class=\"elementor-widget-container\">\n\t\t\t\t\t\t\t\t\t<p><strong>Some features of this site rely on the use of cookies.<\/strong><\/p>\n<p>The cookies banner is not displayed on the home page during your navigation because only cookies necessary to the functioning of the site are deposited (you can however oppose to it by checking the box below).<\/p>\n\t\t\t\t\t\t\t\t<\/div>\n\t\t\t\t<\/div>\n\t\t\t\t<div class=\"elementor-element elementor-element-919884b elementor-widget-divider--separator-type-pattern elementor-widget-divider--view-line elementor-widget elementor-widget-divider\" data-id=\"919884b\" data-element_type=\"widget\" data-e-type=\"widget\" data-widget_type=\"divider.default\">\n\t\t\t\t<div class=\"elementor-widget-container\">\n\t\t\t\t\t\t\t<div class=\"elementor-divider\" style=\"--divider-pattern-url: url(&quot;data:image\/svg+xml,%3Csvg xmlns=&#039;http:\/\/www.w3.org\/2000\/svg&#039; preserveAspectRatio=&#039;none&#039; overflow=&#039;visible&#039; height=&#039;100%&#039; viewBox=&#039;0 0 20 16&#039; fill=&#039;none&#039; stroke=&#039;black&#039; stroke-width=&#039;1&#039; stroke-linecap=&#039;square&#039; stroke-miterlimit=&#039;10&#039;%3E%3Cg transform=&#039;translate(-12.000000, 0)&#039;%3E%3Cpath d=&#039;M28,0L10,18&#039;\/%3E%3Cpath d=&#039;M18,0L0,18&#039;\/%3E%3Cpath d=&#039;M48,0L30,18&#039;\/%3E%3Cpath d=&#039;M38,0L20,18&#039;\/%3E%3C\/g%3E%3C\/svg%3E&quot;);\">\n\t\t\t<span class=\"elementor-divider-separator\">\n\t\t\t\t\t\t<\/span>\n\t\t<\/div>\n\t\t\t\t\t\t<\/div>\n\t\t\t\t<\/div>\n\t\t\t\t<div class=\"elementor-element elementor-element-05d4534 elementor-widget elementor-widget-html\" data-id=\"05d4534\" data-element_type=\"widget\" data-e-type=\"widget\" data-widget_type=\"html.default\">\n\t\t\t\t<div class=\"elementor-widget-container\">\n\t\t\t\t\t<div id=\"matomo-opt-out\"><\/div><br><script src=\"https:\/\/analytics.lumibird-medical.com\/index.php?module=CoreAdminHome&action=optOutJS&divId=matomo-opt-out&language=auto&backgroundColor=ffc000&fontColor=ffffff&fontSize=15px&fontFamily=Fira sans&showIntro=1\"><\/script><br>    <br>\t\t\t\t<\/div>\n\t\t\t\t<\/div>\n\t\t\t\t<div class=\"elementor-element elementor-element-66830ae elementor-widget-divider--separator-type-pattern elementor-widget-divider--view-line elementor-widget elementor-widget-divider\" data-id=\"66830ae\" data-element_type=\"widget\" data-e-type=\"widget\" data-widget_type=\"divider.default\">\n\t\t\t\t<div class=\"elementor-widget-container\">\n\t\t\t\t\t\t\t<div class=\"elementor-divider\" style=\"--divider-pattern-url: url(&quot;data:image\/svg+xml,%3Csvg xmlns=&#039;http:\/\/www.w3.org\/2000\/svg&#039; preserveAspectRatio=&#039;none&#039; overflow=&#039;visible&#039; height=&#039;100%&#039; viewBox=&#039;0 0 20 16&#039; fill=&#039;none&#039; stroke=&#039;black&#039; stroke-width=&#039;1&#039; stroke-linecap=&#039;square&#039; stroke-miterlimit=&#039;10&#039;%3E%3Cg transform=&#039;translate(-12.000000, 0)&#039;%3E%3Cpath d=&#039;M28,0L10,18&#039;\/%3E%3Cpath d=&#039;M18,0L0,18&#039;\/%3E%3Cpath d=&#039;M48,0L30,18&#039;\/%3E%3Cpath d=&#039;M38,0L20,18&#039;\/%3E%3C\/g%3E%3C\/svg%3E&quot;);\">\n\t\t\t<span class=\"elementor-divider-separator\">\n\t\t\t\t\t\t<\/span>\n\t\t<\/div>\n\t\t\t\t\t\t<\/div>\n\t\t\t\t<\/div>\n\t\t\t\t<div class=\"elementor-element elementor-element-79b5637 elementor-widget elementor-widget-heading\" data-id=\"79b5637\" data-element_type=\"widget\" data-e-type=\"widget\" data-widget_type=\"heading.default\">\n\t\t\t\t<div class=\"elementor-widget-container\">\n\t\t\t\t\t<h2 class=\"elementor-heading-title elementor-size-default\">Foreword <\/h2>\t\t\t\t<\/div>\n\t\t\t\t<\/div>\n\t\t\t\t<div class=\"elementor-element elementor-element-ca20373 elementor-widget elementor-widget-text-editor\" data-id=\"ca20373\" data-element_type=\"widget\" data-e-type=\"widget\" data-widget_type=\"text-editor.default\">\n\t\t\t\t<div class=\"elementor-widget-container\">\n\t\t\t\t\t\t\t\t\t<p>This cookie policy is applicable once you visit our website. QUANTEL MEDICAL adopted this cookie policy with the aim of:<\/p><br><ul>\r\n<li>Informing you of the cookies which may be present on our website<\/li>\r\n<li>Listing the different types of cookies<\/li>\r\n<li>Detailing how they work and their purpose<\/li>\r\n<li>Explaining how to configure your settings depending on your Internet browser<\/li>\r\n<\/ul><br>\t\t\t\t\t\t\t\t<\/div>\n\t\t\t\t<\/div>\n\t\t\t\t<div class=\"elementor-element elementor-element-f32ba68 elementor-widget elementor-widget-spacer\" data-id=\"f32ba68\" data-element_type=\"widget\" data-e-type=\"widget\" data-widget_type=\"spacer.default\">\n\t\t\t\t<div class=\"elementor-widget-container\">\n\t\t\t\t\t\t\t<div class=\"elementor-spacer\">\n\t\t\t<div class=\"elementor-spacer-inner\"><\/div>\n\t\t<\/div>\n\t\t\t\t\t\t<\/div>\n\t\t\t\t<\/div>\n\t\t\t\t<div class=\"elementor-element elementor-element-6938b6a elementor-widget elementor-widget-heading\" data-id=\"6938b6a\" data-element_type=\"widget\" data-e-type=\"widget\" data-widget_type=\"heading.default\">\n\t\t\t\t<div class=\"elementor-widget-container\">\n\t\t\t\t\t<h2 class=\"elementor-heading-title elementor-size-default\">What is a cookie?<\/h2>\t\t\t\t<\/div>\n\t\t\t\t<\/div>\n\t\t\t\t<div class=\"elementor-element elementor-element-7a7517c elementor-widget elementor-widget-text-editor\" data-id=\"7a7517c\" data-element_type=\"widget\" data-e-type=\"widget\" data-widget_type=\"text-editor.default\">\n\t\t\t\t<div class=\"elementor-widget-container\">\n\t\t\t\t\t\t\t\t\t<p>A cookie is a text file automatically saved on your browser and your hard disk by a website when you visit it. It allows your computer to store various technical data such as number of visits, frequency of exposure to an advertising banner, connection to other sites. It also allows you to personalise future visits to a website by storing your login details, preferences, etc.<\/p><br>\t\t\t\t\t\t\t\t<\/div>\n\t\t\t\t<\/div>\n\t\t\t\t<div class=\"elementor-element elementor-element-b2f8cd4 elementor-widget elementor-widget-spacer\" data-id=\"b2f8cd4\" data-element_type=\"widget\" data-e-type=\"widget\" data-widget_type=\"spacer.default\">\n\t\t\t\t<div class=\"elementor-widget-container\">\n\t\t\t\t\t\t\t<div class=\"elementor-spacer\">\n\t\t\t<div class=\"elementor-spacer-inner\"><\/div>\n\t\t<\/div>\n\t\t\t\t\t\t<\/div>\n\t\t\t\t<\/div>\n\t\t\t\t<div class=\"elementor-element elementor-element-e464b25 elementor-widget elementor-widget-heading\" data-id=\"e464b25\" data-element_type=\"widget\" data-e-type=\"widget\" data-widget_type=\"heading.default\">\n\t\t\t\t<div class=\"elementor-widget-container\">\n\t\t\t\t\t<h2 class=\"elementor-heading-title elementor-size-default\">What types of cookies do we use? <\/h2>\t\t\t\t<\/div>\n\t\t\t\t<\/div>\n\t\t\t\t<div class=\"elementor-element elementor-element-6173b06 elementor-widget elementor-widget-text-editor\" data-id=\"6173b06\" data-element_type=\"widget\" data-e-type=\"widget\" data-widget_type=\"text-editor.default\">\n\t\t\t\t<div class=\"elementor-widget-container\">\n\t\t\t\t\t\t\t\t\t<p>QUANTEL MEDICAL has identified 1 categorie of cookies, described below, the purposes of which depend on the nature of the cookies. These are the cookies we are aware of. We inform you that the issuance and use of cookies by third parties are subject to their own personal data policy. Therefore, if you would like to find out more about the use of your personal data by these third parties, please visit their website directly.<\/p>\n<ul>\n<li>Session cookies<\/li>\n<li>Measurement and performance cookies:<\/li>\n<\/ul>\n\t\t\t\t\t\t\t\t<\/div>\n\t\t\t\t<\/div>\n\t\t\t\t<div class=\"elementor-element elementor-element-361f776 elementor-widget elementor-widget-spacer\" data-id=\"361f776\" data-element_type=\"widget\" data-e-type=\"widget\" data-widget_type=\"spacer.default\">\n\t\t\t\t<div class=\"elementor-widget-container\">\n\t\t\t\t\t\t\t<div class=\"elementor-spacer\">\n\t\t\t<div class=\"elementor-spacer-inner\"><\/div>\n\t\t<\/div>\n\t\t\t\t\t\t<\/div>\n\t\t\t\t<\/div>\n\t\t\t\t<div class=\"elementor-element elementor-element-df0c3d1 elementor-widget elementor-widget-heading\" data-id=\"df0c3d1\" data-element_type=\"widget\" data-e-type=\"widget\" data-widget_type=\"heading.default\">\n\t\t\t\t<div class=\"elementor-widget-container\">\n\t\t\t\t\t<h2 class=\"elementor-heading-title elementor-size-default\">Why do we use cookies? <\/h2>\t\t\t\t<\/div>\n\t\t\t\t<\/div>\n\t\t\t\t<div class=\"elementor-element elementor-element-7d626d2 elementor-widget elementor-widget-text-editor\" data-id=\"7d626d2\" data-element_type=\"widget\" data-e-type=\"widget\" data-widget_type=\"text-editor.default\">\n\t\t\t\t<div class=\"elementor-widget-container\">\n\t\t\t\t\t\t\t\t\t<h4><b><u>Session cookies<\/u><\/b><\/h4>\n<p>These cookies facilitate browsing between the pages of our site and are necessary to allow you to benefit from certain features, such as the creation of your user account, and to secure your connection when you want to access pages that are reserved for you. These cookies expire when you close your internet browser. These cookies are exclusively installed by QUANTEL MEDICAL. Below you will find a table specifying: the name of the cookie, its purpose and how long it is stored.<\/p>\n<table style=\"width: 500px;\" border=\"1\" cellspacing=\"1\" cellpadding=\"1\">\n<tbody>\n<tr>\n<td><i>Cookies<\/i><\/td>\n<td><i>Purpose<\/i><\/td>\n<td><i>Storage period<\/i><\/td>\n<\/tr>\n<tr>\n<td>\n<div style=\"language: fr; margin-top: 0pt; margin-bottom: 0pt; margin-left: .38in; text-indent: -.38in;\">wordpress_logged_in<\/div>\n<\/td>\n<td>\u00a0Wordpress<\/td>\n<td>For the session<\/td>\n<\/tr>\n<tr>\n<td>\n<div style=\"language: fr; margin-top: 0pt; margin-bottom: 0pt; margin-left: .38in; text-indent: -.38in;\">cli_user_preference<\/div>\n<\/td>\n<td>Stores the consens status of the users&#8217; cookies.<\/td>\n<td>1 year<\/td>\n<\/tr>\n<tr>\n<td>\n<div style=\"language: fr; margin-top: 0pt; margin-bottom: 0pt; margin-left: .38in; text-indent: -.38in;\">cookielawinfo-<\/div>\n<div style=\"language: fr; margin-top: 0pt; margin-bottom: 0pt; margin-left: .38in; text-indent: -.38in;\">checkbox-<\/div>\n<div style=\"language: fr; margin-top: 0pt; margin-bottom: 0pt; margin-left: .38in; text-indent: -.38in;\">necessaires<\/div>\n<\/td>\n<td>Stores the consent status of cookies needed by the user.<\/td>\n<td>1 year<\/td>\n<\/tr>\n<tr>\n<td>\n<div style=\"language: fr; margin-top: 0pt; margin-bottom: 0pt; margin-left: .38in; text-indent: -.38in;\">cookielawinfo-<\/div>\n<div style=\"language: fr; margin-top: 0pt; margin-bottom: 0pt; margin-left: .38in; text-indent: -.38in;\">checkbox-non-<\/div>\n<div style=\"language: fr; margin-top: 0pt; margin-bottom: 0pt; margin-left: .38in; text-indent: -.38in;\">necessaires<\/div>\n<\/td>\n<td>Stores the consens status of cookies not required by the user.<\/td>\n<td>1 year<\/td>\n<\/tr>\n<tr>\n<td>\n<div style=\"language: fr; margin-top: 0pt; margin-bottom: 0pt; margin-left: .38in; text-indent: -.38in;\">CookieLawInfoConsent<\/div>\n<\/td>\n<td>Stores the consent status of the user&#8217;s cookies.<\/td>\n<td>1 year<\/td>\n<\/tr>\n<tr>\n<td>\n<div style=\"language: fr; margin-top: 0pt; margin-bottom: 0pt; margin-left: .38in; text-indent: -.38in;\">wp-wpml_current_language<\/div>\n<\/td>\n<td>Directs the user of this website directly to the appropriate multilingual content according to the browser language.<\/td>\n<td>1 day<\/td>\n<\/tr>\n<\/tbody>\n<\/table>\n<p><strong><u>Measurement and performance cookies:<\/u><\/strong><\/p>\n<p>These cookies measure how shared documents are viewed via the application, for example whether a document has been opened and when.<br \/>The information collected by these cookies is used to provide the sender with tracking statistics (e.g. document viewed, date and time opened).<\/p>\n<p>These cookies are never used for profiling purposes.<br \/>Personal data (i.e. documents viewed by a specific email address) is stored for a maximum of three months and then deleted or anonymised.<br \/>Aggregated and anonymised data may be stored beyond this period for overall analysis purposes only by Lumibird Medical.<\/p>\n<p>These cookies are based on your consent: you can accept or refuse them when you open the unique link.<\/p>\n<p>You can change your preferences at any time via the cookie settings in the application.<\/p>\n<p>The table below details the name of each cookie, its purpose and its lifetime.<\/p>\n<figure class=\"table\">\n<table class=\"ck-table-resized\">\n<colgroup>\n<col \/>\n<col \/>\n<col \/>\n<col \/><\/colgroup>\n<tbody>\n<tr>\n<td>Cookies<\/td>\n<td>Purpose<\/td>\n<td>Provider<\/td>\n<td>Storage<\/td>\n<\/tr>\n<tr>\n<td>MyLumiSpace<\/td>\n<td>Identify whether the document has been opened: date, time<\/td>\n<td>SKREA<\/td>\n<td>3 months<\/td>\n<\/tr>\n<\/tbody>\n<\/table>\n<\/figure>\n\t\t\t\t\t\t\t\t<\/div>\n\t\t\t\t<\/div>\n\t\t\t\t<div class=\"elementor-element elementor-element-d6f70ae elementor-widget elementor-widget-spacer\" data-id=\"d6f70ae\" data-element_type=\"widget\" data-e-type=\"widget\" data-widget_type=\"spacer.default\">\n\t\t\t\t<div class=\"elementor-widget-container\">\n\t\t\t\t\t\t\t<div class=\"elementor-spacer\">\n\t\t\t<div class=\"elementor-spacer-inner\"><\/div>\n\t\t<\/div>\n\t\t\t\t\t\t<\/div>\n\t\t\t\t<\/div>\n\t\t\t\t<div class=\"elementor-element elementor-element-c86284c elementor-widget elementor-widget-heading\" data-id=\"c86284c\" data-element_type=\"widget\" data-e-type=\"widget\" data-widget_type=\"heading.default\">\n\t\t\t\t<div class=\"elementor-widget-container\">\n\t\t\t\t\t<h2 class=\"elementor-heading-title elementor-size-default\">How to manage them?<\/h2>\t\t\t\t<\/div>\n\t\t\t\t<\/div>\n\t\t\t\t<div class=\"elementor-element elementor-element-b96ef94 elementor-widget elementor-widget-text-editor\" data-id=\"b96ef94\" data-element_type=\"widget\" data-e-type=\"widget\" data-widget_type=\"text-editor.default\">\n\t\t\t\t<div class=\"elementor-widget-container\">\n\t\t\t\t\t\t\t\t\t<p>We provide you with all the means necessary to manage your consent with regards to cookies. We offer you two possibilities:<\/p><br><p><u><b>Modification using the cookie management platform YourOnlineChoices<\/b><\/u><\/p><br><p>This platform, commonly called YourOnlineChoices, is dedicated to Internet advertising and privacy online.<br \/>\r\nThis European Union platform allows you to disable performance\/analytical, social network and advertising cookies at any time.<br \/>\r\nThis platform lists all companies that collect and use your personal data to offer you advertisements based on your browsing interests.<br \/>\r\nYourOnlineChoices offers you the opportunity to take back control of your personal data by defining your preferences in terms of behavioural advertising.<br \/>\r\nTo do so, please click on the following hyperlink: <a href=\"https:\/\/www.youronlinechoices.com\/fr\/controler-ses-cookies\/\" target=\"_blank\" rel=\"noopener\">YourOnlineChoice<\/a>.<\/p><br><p><u><b>Modification using your browser settings<\/b><\/u><\/p><br><p>Most browsers (Google Chrome, Internet Explorer, Firefox and Opera) accept default cookies. However, you can decide to block these cookies or ask your browser to notify you when a website attempts to install a cookie on your device.<br \/>\r\nTo change the management of your browser cookies, you can change the settings in the privacy tab.<br \/>\r\nPlease note, some website features may no longer work.<br \/>\r\nEach browser has different settings. Your browser help menu will provide you with details on how to modify your cookie preferences.<\/p><br><p><b><u>Modification using the cookie management banner<\/b><\/u><br \/>\r\nQUANTEL MEDICAL has created a cookie management banner in accordance with the French Data Protection Authority\u2019s (CNIL) new recommendations. You therefore have the possibility to accept, customize or refuse cookies directly on our website by expressing your choices using the banner that appears at the bottom of your screen.<\/p><br><p>&nbsp;<\/p><br>\t\t\t\t\t\t\t\t<\/div>\n\t\t\t\t<\/div>\n\t\t\t\t<div class=\"elementor-element elementor-element-09a15cf elementor-widget elementor-widget-spacer\" data-id=\"09a15cf\" data-element_type=\"widget\" data-e-type=\"widget\" data-widget_type=\"spacer.default\">\n\t\t\t\t<div class=\"elementor-widget-container\">\n\t\t\t\t\t\t\t<div class=\"elementor-spacer\">\n\t\t\t<div class=\"elementor-spacer-inner\"><\/div>\n\t\t<\/div>\n\t\t\t\t\t\t<\/div>\n\t\t\t\t<\/div>\n\t\t\t\t<div class=\"elementor-element elementor-element-503436d elementor-widget elementor-widget-heading\" data-id=\"503436d\" data-element_type=\"widget\" data-e-type=\"widget\" data-widget_type=\"heading.default\">\n\t\t\t\t<div class=\"elementor-widget-container\">\n\t\t\t\t\t<h2 class=\"elementor-heading-title elementor-size-default\">Updates of the cookies policy<\/h2>\t\t\t\t<\/div>\n\t\t\t\t<\/div>\n\t\t\t\t<div class=\"elementor-element elementor-element-116cc14 elementor-widget elementor-widget-text-editor\" data-id=\"116cc14\" data-element_type=\"widget\" data-e-type=\"widget\" data-widget_type=\"text-editor.default\">\n\t\t\t\t<div class=\"elementor-widget-container\">\n\t\t\t\t\t\t\t\t\t<p>This cookie policy may evolve. The last update was made on 03.10.2025.<\/p>\n\t\t\t\t\t\t\t\t<\/div>\n\t\t\t\t<\/div>\n\t\t\t\t\t<\/div>\n\t\t<\/div>\n\t\t\t\t\t<\/div>\n\t\t<\/section>\n\t\t\t\t<\/div>\n\t\t","protected":false},"excerpt":{"rendered":"<p>Subliminal Laser Therapy for Retinal Disorders POLITYKA PLIK\u00d3W COOKIE Some features of this site rely on the use of cookies. The cookies banner is not displayed on the home page during your navigation because only cookies necessary to the functioning of the site are deposited (you can however oppose to it by checking the box [&hellip;]<\/p>\n","protected":false},"author":2,"featured_media":0,"parent":0,"menu_order":10,"comment_status":"closed","ping_status":"closed","template":"","meta":{"_acf_changed":false,"footnotes":""},"class_list":["post-5622","page","type-page","status-publish","hentry"],"acf":[],"_links":{"self":[{"href":"https:\/\/www.subliminal-laser-therapy.com\/pl\/wp-json\/wp\/v2\/pages\/5622","targetHints":{"allow":["GET"]}}],"collection":[{"href":"https:\/\/www.subliminal-laser-therapy.com\/pl\/wp-json\/wp\/v2\/pages"}],"about":[{"href":"https:\/\/www.subliminal-laser-therapy.com\/pl\/wp-json\/wp\/v2\/types\/page"}],"author":[{"embeddable":true,"href":"https:\/\/www.subliminal-laser-therapy.com\/pl\/wp-json\/wp\/v2\/users\/2"}],"replies":[{"embeddable":true,"href":"https:\/\/www.subliminal-laser-therapy.com\/pl\/wp-json\/wp\/v2\/comments?post=5622"}],"version-history":[{"count":7,"href":"https:\/\/www.subliminal-laser-therapy.com\/pl\/wp-json\/wp\/v2\/pages\/5622\/revisions"}],"predecessor-version":[{"id":6661,"href":"https:\/\/www.subliminal-laser-therapy.com\/pl\/wp-json\/wp\/v2\/pages\/5622\/revisions\/6661"}],"wp:attachment":[{"href":"https:\/\/www.subliminal-laser-therapy.com\/pl\/wp-json\/wp\/v2\/media?parent=5622"}],"curies":[{"name":"wp","href":"https:\/\/api.w.org\/{rel}","templated":true}]}}