{"id":5556,"date":"2021-11-26T09:52:36","date_gmt":"2021-11-26T09:52:36","guid":{"rendered":"https:\/\/www.subliminal-laser-therapy.com\/plan-strony\/"},"modified":"2021-11-26T09:52:36","modified_gmt":"2021-11-26T09:52:36","slug":"plan-strony","status":"publish","type":"page","link":"https:\/\/www.subliminal-laser-therapy.com\/pl\/plan-strony\/","title":{"rendered":"Plan strony"},"content":{"rendered":"\t\t<div data-elementor-type=\"wp-page\" data-elementor-id=\"5556\" data-post-id=\"5556\" data-obj-id=\"5556\" class=\"elementor elementor-5556 dce-elementor-post-5556 elementor-1259\" data-elementor-post-type=\"page\">\n\t\t\t\t\t\t<section class=\"elementor-section elementor-top-section elementor-element elementor-element-589da8a elementor-section-boxed elementor-section-height-default elementor-section-height-default\" data-id=\"589da8a\" data-element_type=\"section\" data-e-type=\"section\" data-settings=\"{&quot;jet_parallax_layout_list&quot;:[{&quot;_id&quot;:&quot;01dc2b2&quot;,&quot;jet_parallax_layout_image&quot;:{&quot;url&quot;:&quot;&quot;,&quot;id&quot;:&quot;&quot;,&quot;size&quot;:&quot;&quot;},&quot;jet_parallax_layout_image_tablet&quot;:{&quot;url&quot;:&quot;&quot;,&quot;id&quot;:&quot;&quot;,&quot;size&quot;:&quot;&quot;},&quot;jet_parallax_layout_image_mobile&quot;:{&quot;url&quot;:&quot;&quot;,&quot;id&quot;:&quot;&quot;,&quot;size&quot;:&quot;&quot;},&quot;jet_parallax_layout_speed&quot;:{&quot;unit&quot;:&quot;%&quot;,&quot;size&quot;:50,&quot;sizes&quot;:[]},&quot;jet_parallax_layout_type&quot;:&quot;scroll&quot;,&quot;jet_parallax_layout_direction&quot;:&quot;1&quot;,&quot;jet_parallax_layout_fx_direction&quot;:null,&quot;jet_parallax_layout_z_index&quot;:&quot;&quot;,&quot;jet_parallax_layout_bg_x&quot;:50,&quot;jet_parallax_layout_bg_x_tablet&quot;:&quot;&quot;,&quot;jet_parallax_layout_bg_x_mobile&quot;:&quot;&quot;,&quot;jet_parallax_layout_bg_y&quot;:50,&quot;jet_parallax_layout_bg_y_tablet&quot;:&quot;&quot;,&quot;jet_parallax_layout_bg_y_mobile&quot;:&quot;&quot;,&quot;jet_parallax_layout_bg_size&quot;:&quot;auto&quot;,&quot;jet_parallax_layout_bg_size_tablet&quot;:&quot;&quot;,&quot;jet_parallax_layout_bg_size_mobile&quot;:&quot;&quot;,&quot;jet_parallax_layout_animation_prop&quot;:&quot;transform&quot;,&quot;jet_parallax_layout_on&quot;:[&quot;desktop&quot;,&quot;tablet&quot;]}]}\">\n\t\t\t\t\t\t<div class=\"elementor-container elementor-column-gap-default\">\n\t\t\t\t\t<div class=\"elementor-column elementor-col-100 elementor-top-column elementor-element elementor-element-ce7ba31\" data-id=\"ce7ba31\" data-element_type=\"column\" data-e-type=\"column\">\n\t\t\t<div class=\"elementor-widget-wrap elementor-element-populated\">\n\t\t\t\t\t\t<div class=\"elementor-element elementor-element-fce3d4d elementor-widget elementor-widget-jet-breadcrumbs\" data-id=\"fce3d4d\" data-element_type=\"widget\" data-e-type=\"widget\" data-widget_type=\"jet-breadcrumbs.default\">\n\t\t\t\t<div class=\"elementor-widget-container\">\n\t\t\t\t\t<div class=\"elementor-jet-breadcrumbs jet-blocks\">\n\t\t<div class=\"jet-breadcrumbs\">\n\t\t<div class=\"jet-breadcrumbs__content\">\n\t\t<div class=\"jet-breadcrumbs__wrap\"><div class=\"jet-breadcrumbs__item\"><a href=\"https:\/\/www.subliminal-laser-therapy.com\/pl\/\" class=\"jet-breadcrumbs__item-link is-home\" rel=\"home\" title=\"LECZENIE LASEROWE TECHNIK\u0104 SUBLIMINAL: LECZENIE PLAMKI \u017b\u00d3\u0141TEJ\">LECZENIE LASEROWE TECHNIK\u0104 SUBLIMINAL: LECZENIE PLAMKI \u017b\u00d3\u0141TEJ<\/a><\/div>\n\t\t<\/div>\n\t\t<\/div>\n\t\t<\/div><\/div>\t\t\t\t<\/div>\n\t\t\t\t<\/div>\n\t\t\t\t<div class=\"elementor-element elementor-element-14e9550 elementor-widget elementor-widget-heading\" data-id=\"14e9550\" data-element_type=\"widget\" data-e-type=\"widget\" data-widget_type=\"heading.default\">\n\t\t\t\t<div class=\"elementor-widget-container\">\n\t\t\t\t\t<h1 class=\"elementor-heading-title elementor-size-default\">Plan strony<\/h1>\t\t\t\t<\/div>\n\t\t\t\t<\/div>\n\t\t\t\t<div class=\"elementor-element elementor-element-a449a0f elementor-widget elementor-widget-sitemap\" data-id=\"a449a0f\" data-element_type=\"widget\" data-e-type=\"widget\" data-widget_type=\"sitemap.default\">\n\t\t\t\t<div class=\"elementor-widget-container\">\n\t\t\t\t\t<div class=\"elementor-sitemap-wrap\"><div class=\"elementor-sitemap-section\"><h1 class=\"elementor-sitemap-title elementor-sitemap-page-title\">Site plan<\/h1><ul class=\"elementor-sitemap-list elementor-sitemap-page-list\"><li class=\"elementor-sitemap-item elementor-sitemap-item-page page_item page-item-5544\"><a href=\"https:\/\/www.subliminal-laser-therapy.com\/pl\/\">LECZENIE LASEROWE TECHNIK\u0104 SUBLIMINAL: LECZENIE PLAMKI \u017b\u00d3\u0141TEJ<\/a><\/li><li class=\"elementor-sitemap-item elementor-sitemap-item-page page_item page-item-5548\"><a href=\"https:\/\/www.subliminal-laser-therapy.com\/pl\/wprowadzenie-leczenia-laserowego-technika-subliminal\/\">Wprowadzenie leczenia laserowego technik\u0105 SubLiminal<\/a><\/li><li class=\"elementor-sitemap-item elementor-sitemap-item-page page_item page-item-5550\"><a href=\"https:\/\/www.subliminal-laser-therapy.com\/pl\/leczenie-laserowe-technika-subliminal-leczenie-plamki-zoltej-2\/\">LECZENIE LASEROWE TECHNIK\u0104 SUBLIMINAL: LECZENIE PLAMKI \u017b\u00d3\u0141TEJ<\/a><\/li><li class=\"elementor-sitemap-item elementor-sitemap-item-page page_item page-item-5552\"><a href=\"https:\/\/www.subliminal-laser-therapy.com\/pl\/leczenie-laserowe-technika-subliminal-to-nie-jest-terapia-obwodowa\/\">LECZENIE LASEROWE TECHNIK\u0104 SUBLIMINAL: TO NIE JEST TERAPIA OBWODOWA<\/a><\/li><li class=\"elementor-sitemap-item elementor-sitemap-item-page page_item page-item-5554\"><a href=\"https:\/\/www.subliminal-laser-therapy.com\/pl\/materialy-edukacyjne\/\">Materia\u0142y edukacyjne<\/a><\/li><li class=\"elementor-sitemap-item elementor-sitemap-item-page page_item page-item-5556\"><a href=\"https:\/\/www.subliminal-laser-therapy.com\/pl\/plan-strony\/\">Plan strony<\/a><\/li><li class=\"elementor-sitemap-item elementor-sitemap-item-page page_item page-item-5616\"><a href=\"https:\/\/www.subliminal-laser-therapy.com\/pl\/nota-prawna\/\">NOTA PRAWNA<\/a><\/li><li class=\"elementor-sitemap-item elementor-sitemap-item-page page_item page-item-5618\"><a href=\"https:\/\/www.subliminal-laser-therapy.com\/pl\/polityka-prywatnosci\/\">POLITYKA PRYWATNO\u015aCI<\/a><\/li><li class=\"elementor-sitemap-item elementor-sitemap-item-page page_item page-item-5622\"><a href=\"https:\/\/www.subliminal-laser-therapy.com\/pl\/polityka-plikow-cookie\/\">POLITYKA PLIK\u00d3W COOKIE<\/a><\/li><\/ul><\/div><\/div>\t\t\t\t<\/div>\n\t\t\t\t<\/div>\n\t\t\t\t\t<\/div>\n\t\t<\/div>\n\t\t\t\t\t<\/div>\n\t\t<\/section>\n\t\t\t\t<\/div>\n\t\t","protected":false},"excerpt":{"rendered":"<p>Subliminal Laser Therapy for Retinal Disorders<\/p>\n","protected":false},"author":2,"featured_media":0,"parent":0,"menu_order":7,"comment_status":"closed","ping_status":"closed","template":"","meta":{"_acf_changed":false,"footnotes":""},"class_list":["post-5556","page","type-page","status-publish","hentry"],"acf":[],"_links":{"self":[{"href":"https:\/\/www.subliminal-laser-therapy.com\/pl\/wp-json\/wp\/v2\/pages\/5556","targetHints":{"allow":["GET"]}}],"collection":[{"href":"https:\/\/www.subliminal-laser-therapy.com\/pl\/wp-json\/wp\/v2\/pages"}],"about":[{"href":"https:\/\/www.subliminal-laser-therapy.com\/pl\/wp-json\/wp\/v2\/types\/page"}],"author":[{"embeddable":true,"href":"https:\/\/www.subliminal-laser-therapy.com\/pl\/wp-json\/wp\/v2\/users\/2"}],"replies":[{"embeddable":true,"href":"https:\/\/www.subliminal-laser-therapy.com\/pl\/wp-json\/wp\/v2\/comments?post=5556"}],"version-history":[{"count":0,"href":"https:\/\/www.subliminal-laser-therapy.com\/pl\/wp-json\/wp\/v2\/pages\/5556\/revisions"}],"wp:attachment":[{"href":"https:\/\/www.subliminal-laser-therapy.com\/pl\/wp-json\/wp\/v2\/media?parent=5556"}],"curies":[{"name":"wp","href":"https:\/\/api.w.org\/{rel}","templated":true}]}}