{"id":4730,"date":"2021-04-29T09:34:18","date_gmt":"2021-04-29T09:34:18","guid":{"rendered":"https:\/\/www.subliminal-laser-therapy.com\/politica-de-cookies\/"},"modified":"2025-10-03T12:04:13","modified_gmt":"2025-10-03T12:04:13","slug":"politica-de-cookies","status":"publish","type":"page","link":"https:\/\/www.subliminal-laser-therapy.com\/es\/politica-de-cookies\/","title":{"rendered":"Pol\u00edtica de cookies"},"content":{"rendered":"\t\t<div data-elementor-type=\"wp-page\" data-elementor-id=\"4730\" data-post-id=\"4730\" data-obj-id=\"4730\" class=\"elementor elementor-4730 dce-elementor-post-4730 elementor-1296\" data-elementor-post-type=\"page\">\n\t\t\t\t\t\t<section class=\"elementor-section elementor-top-section elementor-element elementor-element-3f83fab elementor-section-boxed elementor-section-height-default elementor-section-height-default\" data-id=\"3f83fab\" data-element_type=\"section\" data-e-type=\"section\" data-settings=\"{&quot;jet_parallax_layout_list&quot;:[{&quot;_id&quot;:&quot;16659b5&quot;,&quot;jet_parallax_layout_image&quot;:{&quot;url&quot;:&quot;&quot;,&quot;id&quot;:&quot;&quot;,&quot;size&quot;:&quot;&quot;},&quot;jet_parallax_layout_image_tablet&quot;:{&quot;url&quot;:&quot;&quot;,&quot;id&quot;:&quot;&quot;,&quot;size&quot;:&quot;&quot;},&quot;jet_parallax_layout_image_mobile&quot;:{&quot;url&quot;:&quot;&quot;,&quot;id&quot;:&quot;&quot;,&quot;size&quot;:&quot;&quot;},&quot;jet_parallax_layout_speed&quot;:{&quot;unit&quot;:&quot;%&quot;,&quot;size&quot;:50,&quot;sizes&quot;:[]},&quot;jet_parallax_layout_type&quot;:&quot;scroll&quot;,&quot;jet_parallax_layout_direction&quot;:&quot;1&quot;,&quot;jet_parallax_layout_fx_direction&quot;:null,&quot;jet_parallax_layout_z_index&quot;:&quot;&quot;,&quot;jet_parallax_layout_bg_x&quot;:50,&quot;jet_parallax_layout_bg_x_tablet&quot;:&quot;&quot;,&quot;jet_parallax_layout_bg_x_mobile&quot;:&quot;&quot;,&quot;jet_parallax_layout_bg_y&quot;:50,&quot;jet_parallax_layout_bg_y_tablet&quot;:&quot;&quot;,&quot;jet_parallax_layout_bg_y_mobile&quot;:&quot;&quot;,&quot;jet_parallax_layout_bg_size&quot;:&quot;auto&quot;,&quot;jet_parallax_layout_bg_size_tablet&quot;:&quot;&quot;,&quot;jet_parallax_layout_bg_size_mobile&quot;:&quot;&quot;,&quot;jet_parallax_layout_animation_prop&quot;:&quot;transform&quot;,&quot;jet_parallax_layout_on&quot;:[&quot;desktop&quot;,&quot;tablet&quot;]}]}\">\n\t\t\t\t\t\t<div class=\"elementor-container elementor-column-gap-default\">\n\t\t\t\t\t<div class=\"elementor-column elementor-col-100 elementor-top-column elementor-element elementor-element-4c70d7d\" data-id=\"4c70d7d\" data-element_type=\"column\" data-e-type=\"column\">\n\t\t\t<div class=\"elementor-widget-wrap elementor-element-populated\">\n\t\t\t\t\t\t<div class=\"elementor-element elementor-element-ee5c7d3 elementor-widget elementor-widget-jet-breadcrumbs\" data-id=\"ee5c7d3\" data-element_type=\"widget\" data-e-type=\"widget\" data-widget_type=\"jet-breadcrumbs.default\">\n\t\t\t\t<div class=\"elementor-widget-container\">\n\t\t\t\t\t<div class=\"elementor-jet-breadcrumbs jet-blocks\">\n\t\t<div class=\"jet-breadcrumbs\">\n\t\t<div class=\"jet-breadcrumbs__content\">\n\t\t<div class=\"jet-breadcrumbs__wrap\"><div class=\"jet-breadcrumbs__item\"><a href=\"https:\/\/www.subliminal-laser-therapy.com\/es\/\" class=\"jet-breadcrumbs__item-link is-home\" rel=\"home\" title=\"Terapia con l\u00e1ser SubLiminal para trastornos de la retina\">Terapia con l\u00e1ser SubLiminal para trastornos de la retina<\/a><\/div>\n\t\t<\/div>\n\t\t<\/div>\n\t\t<\/div><\/div>\t\t\t\t<\/div>\n\t\t\t\t<\/div>\n\t\t\t\t<div class=\"elementor-element elementor-element-2b345b1 elementor-widget elementor-widget-heading\" data-id=\"2b345b1\" data-element_type=\"widget\" data-e-type=\"widget\" data-widget_type=\"heading.default\">\n\t\t\t\t<div class=\"elementor-widget-container\">\n\t\t\t\t\t<h1 class=\"elementor-heading-title elementor-size-default\">Pol\u00edtica de cookies<\/h1>\t\t\t\t<\/div>\n\t\t\t\t<\/div>\n\t\t\t\t<div class=\"elementor-element elementor-element-2cb70b6 elementor-widget elementor-widget-text-editor\" data-id=\"2cb70b6\" data-element_type=\"widget\" data-e-type=\"widget\" data-widget_type=\"text-editor.default\">\n\t\t\t\t<div class=\"elementor-widget-container\">\n\t\t\t\t\t\t\t\t\t<p><strong>Algunas funciones de este sitio se basan en el uso de cookies.<\/p>\n<p><\/strong><\/p>\n<p>El banner de cookies no se muestra en la p\u00e1gina de inicio durante la navegaci\u00f3n, ya que solo se depositan las cookies necesarias para el funcionamiento del sitio (no obstante, puede oponerse a ello haciendo clic en la casilla siguiente).<\/p>\n\t\t\t\t\t\t\t\t<\/div>\n\t\t\t\t<\/div>\n\t\t\t\t<div class=\"elementor-element elementor-element-919884b elementor-widget-divider--separator-type-pattern elementor-widget-divider--view-line elementor-widget elementor-widget-divider\" data-id=\"919884b\" data-element_type=\"widget\" data-e-type=\"widget\" data-widget_type=\"divider.default\">\n\t\t\t\t<div class=\"elementor-widget-container\">\n\t\t\t\t\t\t\t<div class=\"elementor-divider\" style=\"--divider-pattern-url: url(&quot;data:image\/svg+xml,%3Csvg xmlns=&#039;http:\/\/www.w3.org\/2000\/svg&#039; preserveAspectRatio=&#039;none&#039; overflow=&#039;visible&#039; height=&#039;100%&#039; viewBox=&#039;0 0 20 16&#039; fill=&#039;none&#039; stroke=&#039;black&#039; stroke-width=&#039;1&#039; stroke-linecap=&#039;square&#039; stroke-miterlimit=&#039;10&#039;%3E%3Cg transform=&#039;translate(-12.000000, 0)&#039;%3E%3Cpath d=&#039;M28,0L10,18&#039;\/%3E%3Cpath d=&#039;M18,0L0,18&#039;\/%3E%3Cpath d=&#039;M48,0L30,18&#039;\/%3E%3Cpath d=&#039;M38,0L20,18&#039;\/%3E%3C\/g%3E%3C\/svg%3E&quot;);\">\n\t\t\t<span class=\"elementor-divider-separator\">\n\t\t\t\t\t\t<\/span>\n\t\t<\/div>\n\t\t\t\t\t\t<\/div>\n\t\t\t\t<\/div>\n\t\t\t\t<div class=\"elementor-element elementor-element-05d4534 elementor-widget elementor-widget-html\" data-id=\"05d4534\" data-element_type=\"widget\" data-e-type=\"widget\" data-widget_type=\"html.default\">\n\t\t\t\t<div class=\"elementor-widget-container\">\n\t\t\t\t\t<div id=\"matomo-opt-out\"><\/div><br><script src=\"https:\/\/analytics.lumibird-medical.com\/index.php?module=CoreAdminHome&action=optOutJS&divId=matomo-opt-out&language=auto&backgroundColor=ffc000&fontColor=ffffff&fontSize=15px&fontFamily=Fira sans&showIntro=1\"><\/script><br>    <br>\t\t\t\t<\/div>\n\t\t\t\t<\/div>\n\t\t\t\t<div class=\"elementor-element elementor-element-66830ae elementor-widget-divider--separator-type-pattern elementor-widget-divider--view-line elementor-widget elementor-widget-divider\" data-id=\"66830ae\" data-element_type=\"widget\" data-e-type=\"widget\" data-widget_type=\"divider.default\">\n\t\t\t\t<div class=\"elementor-widget-container\">\n\t\t\t\t\t\t\t<div class=\"elementor-divider\" style=\"--divider-pattern-url: url(&quot;data:image\/svg+xml,%3Csvg xmlns=&#039;http:\/\/www.w3.org\/2000\/svg&#039; preserveAspectRatio=&#039;none&#039; overflow=&#039;visible&#039; height=&#039;100%&#039; viewBox=&#039;0 0 20 16&#039; fill=&#039;none&#039; stroke=&#039;black&#039; stroke-width=&#039;1&#039; stroke-linecap=&#039;square&#039; stroke-miterlimit=&#039;10&#039;%3E%3Cg transform=&#039;translate(-12.000000, 0)&#039;%3E%3Cpath d=&#039;M28,0L10,18&#039;\/%3E%3Cpath d=&#039;M18,0L0,18&#039;\/%3E%3Cpath d=&#039;M48,0L30,18&#039;\/%3E%3Cpath d=&#039;M38,0L20,18&#039;\/%3E%3C\/g%3E%3C\/svg%3E&quot;);\">\n\t\t\t<span class=\"elementor-divider-separator\">\n\t\t\t\t\t\t<\/span>\n\t\t<\/div>\n\t\t\t\t\t\t<\/div>\n\t\t\t\t<\/div>\n\t\t\t\t<div class=\"elementor-element elementor-element-79b5637 elementor-widget elementor-widget-heading\" data-id=\"79b5637\" data-element_type=\"widget\" data-e-type=\"widget\" data-widget_type=\"heading.default\">\n\t\t\t\t<div class=\"elementor-widget-container\">\n\t\t\t\t\t<h2 class=\"elementor-heading-title elementor-size-default\">Introducci\u00f3n <\/h2>\t\t\t\t<\/div>\n\t\t\t\t<\/div>\n\t\t\t\t<div class=\"elementor-element elementor-element-ca20373 elementor-widget elementor-widget-text-editor\" data-id=\"ca20373\" data-element_type=\"widget\" data-e-type=\"widget\" data-widget_type=\"text-editor.default\">\n\t\t\t\t<div class=\"elementor-widget-container\">\n\t\t\t\t\t\t\t\t\t<p>La presente pol\u00edtica de cookies es aplicable siempre que un usuario consulte nuestro sitio web. QUANTEL MEDICAL ha adoptado esta pol\u00edtica de cookies con el objetivo de:<\/p><br><ul>\r\n<li>Informarle de las cookies que puede presentar nuestro sitio web<\/li>\r\n<li>Indicarle los distintos tipos de cookies<\/li>\r\n<li>Detallarle su funcionamiento y finalidad<\/li>\r\n<li>Explicarle c\u00f3mo configurar sus preferencias seg\u00fan su navegador<\/li>\r\n<\/ul><br>\t\t\t\t\t\t\t\t<\/div>\n\t\t\t\t<\/div>\n\t\t\t\t<div class=\"elementor-element elementor-element-f32ba68 elementor-widget elementor-widget-spacer\" data-id=\"f32ba68\" data-element_type=\"widget\" data-e-type=\"widget\" data-widget_type=\"spacer.default\">\n\t\t\t\t<div class=\"elementor-widget-container\">\n\t\t\t\t\t\t\t<div class=\"elementor-spacer\">\n\t\t\t<div class=\"elementor-spacer-inner\"><\/div>\n\t\t<\/div>\n\t\t\t\t\t\t<\/div>\n\t\t\t\t<\/div>\n\t\t\t\t<div class=\"elementor-element elementor-element-6938b6a elementor-widget elementor-widget-heading\" data-id=\"6938b6a\" data-element_type=\"widget\" data-e-type=\"widget\" data-widget_type=\"heading.default\">\n\t\t\t\t<div class=\"elementor-widget-container\">\n\t\t\t\t\t<h2 class=\"elementor-heading-title elementor-size-default\">\u00bfQu\u00e9 es una cookie?<\/h2>\t\t\t\t<\/div>\n\t\t\t\t<\/div>\n\t\t\t\t<div class=\"elementor-element elementor-element-7a7517c elementor-widget elementor-widget-text-editor\" data-id=\"7a7517c\" data-element_type=\"widget\" data-e-type=\"widget\" data-widget_type=\"text-editor.default\">\n\t\t\t\t<div class=\"elementor-widget-container\">\n\t\t\t\t\t\t\t\t\t<p>Una cookie es un archivo que un sitio web guarda autom\u00e1ticamente en el navegador y en el disco duro del usuario al visitarlo. Permite al ordenador almacenar diversos datos t\u00e9cnicos, como el n\u00famero de visitas, la frecuencia de exposici\u00f3n a un banner publicitario o el inicio de sesi\u00f3n en otros sitios web. Tambi\u00e9n permite personalizar los pr\u00f3ximos inicios de sesi\u00f3n al memorizar sus datos de inicio de sesi\u00f3n, sus preferencias, etc.<\/p><br>\t\t\t\t\t\t\t\t<\/div>\n\t\t\t\t<\/div>\n\t\t\t\t<div class=\"elementor-element elementor-element-b2f8cd4 elementor-widget elementor-widget-spacer\" data-id=\"b2f8cd4\" data-element_type=\"widget\" data-e-type=\"widget\" data-widget_type=\"spacer.default\">\n\t\t\t\t<div class=\"elementor-widget-container\">\n\t\t\t\t\t\t\t<div class=\"elementor-spacer\">\n\t\t\t<div class=\"elementor-spacer-inner\"><\/div>\n\t\t<\/div>\n\t\t\t\t\t\t<\/div>\n\t\t\t\t<\/div>\n\t\t\t\t<div class=\"elementor-element elementor-element-e464b25 elementor-widget elementor-widget-heading\" data-id=\"e464b25\" data-element_type=\"widget\" data-e-type=\"widget\" data-widget_type=\"heading.default\">\n\t\t\t\t<div class=\"elementor-widget-container\">\n\t\t\t\t\t<h2 class=\"elementor-heading-title elementor-size-default\">\u00bfQu\u00e9 tipos de cookies utilizamos? <\/h2>\t\t\t\t<\/div>\n\t\t\t\t<\/div>\n\t\t\t\t<div class=\"elementor-element elementor-element-6173b06 elementor-widget elementor-widget-text-editor\" data-id=\"6173b06\" data-element_type=\"widget\" data-e-type=\"widget\" data-widget_type=\"text-editor.default\">\n\t\t\t\t<div class=\"elementor-widget-container\">\n\t\t\t\t\t\t\t\t\t<p>QUANTEL MEDICAL cuenta con 1 categor\u00eda de cookies, descritas a continuaci\u00f3n, cuya finalidad depender\u00e1 de su tipo. Estas son las cookies de las que tenemos constancia. Le informamos de que la emisi\u00f3n y el uso de cookies por parte de terceros quedan sujetos a su propia pol\u00edtica de datos personales. Por tanto, si desea obtener m\u00e1s informaci\u00f3n sobre el uso de sus datos personales por parte de dichos terceros, le invitamos a visitar directamente su sitio web.<\/p>\n<ul>\n<li>Cookies estrictamente necesarias<\/li>\n<li>Cookies de medici\u00f3n y rendimiento<\/li>\n<\/ul>\n\t\t\t\t\t\t\t\t<\/div>\n\t\t\t\t<\/div>\n\t\t\t\t<div class=\"elementor-element elementor-element-361f776 elementor-widget elementor-widget-spacer\" data-id=\"361f776\" data-element_type=\"widget\" data-e-type=\"widget\" data-widget_type=\"spacer.default\">\n\t\t\t\t<div class=\"elementor-widget-container\">\n\t\t\t\t\t\t\t<div class=\"elementor-spacer\">\n\t\t\t<div class=\"elementor-spacer-inner\"><\/div>\n\t\t<\/div>\n\t\t\t\t\t\t<\/div>\n\t\t\t\t<\/div>\n\t\t\t\t<div class=\"elementor-element elementor-element-df0c3d1 elementor-widget elementor-widget-heading\" data-id=\"df0c3d1\" data-element_type=\"widget\" data-e-type=\"widget\" data-widget_type=\"heading.default\">\n\t\t\t\t<div class=\"elementor-widget-container\">\n\t\t\t\t\t<h2 class=\"elementor-heading-title elementor-size-default\">\u00bfPor qu\u00e9 utilizamos cookies? <\/h2>\t\t\t\t<\/div>\n\t\t\t\t<\/div>\n\t\t\t\t<div class=\"elementor-element elementor-element-7d626d2 elementor-widget elementor-widget-text-editor\" data-id=\"7d626d2\" data-element_type=\"widget\" data-e-type=\"widget\" data-widget_type=\"text-editor.default\">\n\t\t\t\t<div class=\"elementor-widget-container\">\n\t\t\t\t\t\t\t\t\t<h4><b><u>Cookies estrictamente necesarias<\/u><\/b><\/h4>\n<p>Estas cookies facilitan la navegaci\u00f3n entre las p\u00e1ginas de nuestro sitio web y son necesarias para que pueda disfrutar de ciertas funciones, como crear su cuenta de usuario y proteger su sesi\u00f3n cuando desee acceder a p\u00e1ginas reservadas para usted. Estas cookies caducan al cerrar el navegador. Se trata de cookies que guarda exclusivamente QUANTEL MEDICAL. A continuaci\u00f3n, encontrar\u00e1 una tabla donde se detallan el nombre de cada cookie, su finalidad y su duraci\u00f3n.<\/p>\n<table style=\"width: 500px;\" border=\"1\" cellspacing=\"1\" cellpadding=\"1\">\n<tbody>\n<tr>\n<td><i>Cookies<\/i><\/td>\n<td><i>Finalidad<\/i><\/td>\n<td><i>Conservaci\u00f3n<\/i><\/td>\n<\/tr>\n<tr>\n<td>\n<div style=\"language: fr; margin-top: 0pt; margin-bottom: 0pt; margin-left: .38in; text-indent: -.38in;\">wordpress_logged_in<\/div>\n<\/td>\n<td>WordPress<\/td>\n<td>El momento de la sesi\u00f3n<\/td>\n<\/tr>\n<tr>\n<td>\n<div style=\"language: fr; margin-top: 0pt; margin-bottom: 0pt; margin-left: .38in; text-indent: -.38in;\">cli_user_preference<\/div>\n<\/td>\n<td>Almacena el estado de consentimiento de las cookies del usuario.<\/td>\n<td>1 a\u00f1o<\/td>\n<\/tr>\n<tr>\n<td>\n<div style=\"language: fr; margin-top: 0pt; margin-bottom: 0pt; margin-left: .38in; text-indent: -.38in;\">cookielawinfo-<\/div>\n<div style=\"language: fr; margin-top: 0pt; margin-bottom: 0pt; margin-left: .38in; text-indent: -.38in;\">checkbox-<\/div>\n<div style=\"language: fr; margin-top: 0pt; margin-bottom: 0pt; margin-left: .38in; text-indent: -.38in;\">necessaires<\/div>\n<\/td>\n<td>Almacena el estado de consentimiento de las cookies que necesita el usuario.<\/td>\n<td>1 a\u00f1o<\/td>\n<\/tr>\n<tr>\n<td>\n<div style=\"language: fr; margin-top: 0pt; margin-bottom: 0pt; margin-left: .38in; text-indent: -.38in;\">cookielawinfo-<\/div>\n<div style=\"language: fr; margin-top: 0pt; margin-bottom: 0pt; margin-left: .38in; text-indent: -.38in;\">checkbox-non-<\/div>\n<div style=\"language: fr; margin-top: 0pt; margin-bottom: 0pt; margin-left: .38in; text-indent: -.38in;\">necessaires<\/div>\n<\/td>\n<td>Almacena el estado de consentimiento de las cookies no requeridas por el usuario.<\/td>\n<td>1 a\u00f1o<\/td>\n<\/tr>\n<tr>\n<td>\n<div style=\"language: fr; margin-top: 0pt; margin-bottom: 0pt; margin-left: .38in; text-indent: -.38in;\">CookieLawInfoConsent<\/div>\n<\/td>\n<td>Almacena el estado de consentimiento de las cookies del usuario.<\/td>\n<td>1 a\u00f1o<\/td>\n<\/tr>\n<tr>\n<td>\n<div style=\"language: fr; margin-top: 0pt; margin-bottom: 0pt; margin-left: .38in; text-indent: -.38in;\">wp-wpml_current_language<\/div>\n<\/td>\n<td>Dirige al usuario de este sitio web directamente al contenido multiling\u00fce apropiado seg\u00fan el idioma del navegador.<\/td>\n<td>1 d\u00eda<\/td>\n<\/tr>\n<\/tbody>\n<\/table>\n<p><strong><u>Cookies de medici\u00f3n y rendimiento:<\/u><\/strong><\/p>\n<p>Estas cookies miden c\u00f3mo se visualizan los documentos compartidos a trav\u00e9s de la aplicaci\u00f3n, por ejemplo, si se ha abierto un documento y cu\u00e1ndo.<br \/>La informaci\u00f3n recopilada por estas cookies se utiliza para proporcionar al remitente estad\u00edsticas de seguimiento (por ejemplo, documento visualizado, fecha y hora de apertura).<\/p>\n<p>Estas cookies nunca se utilizan con fines de elaboraci\u00f3n de perfiles.<br \/>Los datos personales (es decir, los documentos visualizados por una direcci\u00f3n de correo electr\u00f3nico espec\u00edfica) se almacenan durante un m\u00e1ximo de tres meses y, a continuaci\u00f3n, se eliminan o se anonimizan.<br \/>Los datos agregados y anonimizados pueden almacenarse m\u00e1s all\u00e1 de este periodo con fines de an\u00e1lisis general \u00fanicamente por parte de Lumibird Medical.<\/p>\n<p>Estas cookies se basan en su consentimiento: puede aceptarlas o rechazarlas cuando abra el enlace \u00fanico.<\/p>\n<p>Puede cambiar sus preferencias en cualquier momento a trav\u00e9s de la configuraci\u00f3n de cookies de la aplicaci\u00f3n.<\/p>\n<p>La siguiente tabla detalla el nombre de cada cookie, su finalidad y su duraci\u00f3n.<\/p>\n<figure class=\"table\">\n<table class=\"ck-table-resized\">\n<colgroup>\n<col \/>\n<col \/>\n<col \/>\n<col \/><\/colgroup>\n<tbody>\n<tr>\n<td>Cookies<\/td>\n<td>Finalidad<\/td>\n<td>Proveedor<\/td>\n<td>Conservaci\u00f3n<\/td>\n<\/tr>\n<tr>\n<td>MyLumiSpace<\/td>\n<td>Identificar si el documento ha sido abierto: fecha, hora.<\/td>\n<td>SKREA<\/td>\n<td>3 meses<\/td>\n<\/tr>\n<\/tbody>\n<\/table>\n<\/figure>\n\t\t\t\t\t\t\t\t<\/div>\n\t\t\t\t<\/div>\n\t\t\t\t<div class=\"elementor-element elementor-element-d6f70ae elementor-widget elementor-widget-spacer\" data-id=\"d6f70ae\" data-element_type=\"widget\" data-e-type=\"widget\" data-widget_type=\"spacer.default\">\n\t\t\t\t<div class=\"elementor-widget-container\">\n\t\t\t\t\t\t\t<div class=\"elementor-spacer\">\n\t\t\t<div class=\"elementor-spacer-inner\"><\/div>\n\t\t<\/div>\n\t\t\t\t\t\t<\/div>\n\t\t\t\t<\/div>\n\t\t\t\t<div class=\"elementor-element elementor-element-c86284c elementor-widget elementor-widget-heading\" data-id=\"c86284c\" data-element_type=\"widget\" data-e-type=\"widget\" data-widget_type=\"heading.default\">\n\t\t\t\t<div class=\"elementor-widget-container\">\n\t\t\t\t\t<h2 class=\"elementor-heading-title elementor-size-default\">\u00bfC\u00f3mo administrar las cookies?<\/h2>\t\t\t\t<\/div>\n\t\t\t\t<\/div>\n\t\t\t\t<div class=\"elementor-element elementor-element-b96ef94 elementor-widget elementor-widget-text-editor\" data-id=\"b96ef94\" data-element_type=\"widget\" data-e-type=\"widget\" data-widget_type=\"text-editor.default\">\n\t\t\t\t<div class=\"elementor-widget-container\">\n\t\t\t\t\t\t\t\t\t<p>Ponemos a su disposici\u00f3n todos los medios necesarios para administrar qu\u00e9 cookies acepta y cu\u00e1les no. As\u00ed, le ofrecemos dos posibilidades:<\/p><br><p><u><b>Configuraci\u00f3n mediante la plataforma de administraci\u00f3n de cookies YourOnlineChoices<\/b><\/u><\/p><br><p>Com\u00fanmente conocida como YourOnlineChoices, se trata de una plataforma de publicidad digital y de protecci\u00f3n de la privacidad en Internet.<br>\r\nGracias a esta plataforma de la Uni\u00f3n Europea, tendr\u00e1 la posibilidad de desactivar en cualquier momento las cookies de rendimiento y an\u00e1lisis, de redes sociales y de tipo publicitario.<br>\r\nEsta plataforma indica todas las empresas que recopilan y utilizan sus datos personales para ofrecerle publicidad basada en sus intereses seg\u00fan su navegaci\u00f3n.<br>\r\nYourOnlineChoices le ofrece la posibilidad de retomar el control sobre sus datos personales definiendo sus preferencias sobre publicidad basada en el comportamiento.<br>\r\nPara ello, haga clic en el siguiente hiperv\u00ednculo: <a href=\"https:\/\/www.youronlinechoices.com\/fr\/controler-ses-cookies\/\" target=\"_blank\" rel=\"noopener\">YourOnlineChoices<\/a>.<\/p><br><p><u><b>Configuraci\u00f3n a trav\u00e9s de los ajustes del navegador<\/b><\/u><\/p><br><p>La mayor\u00eda de los navegadores (Google Chrome, Internet Explorer, Firefox y Opera) aceptan cookies de forma predeterminada. Sin embargo, puede decidir bloquearlas o indicar al navegador que le avise cada vez que un sitio web intente guardar una cookie en su dispositivo.<br>\r\nPara cambiar la administraci\u00f3n de las cookies de su navegador, puede modificar los ajustes en la pesta\u00f1a de confidencialidad.<br>\r\nTenga en cuenta que ciertas funciones del sitio web podr\u00edan no funcionar.<br>\r\nLa configuraci\u00f3n de cada navegador es diferente. En el men\u00fa de ayuda de su navegador encontrar\u00e1 informaci\u00f3n al respecto para saber c\u00f3mo modificar sus preferencias sobre cookies.<\/p><br><p><b><u>Configuraci\u00f3n mediante la barra de herramientas de administraci\u00f3n de cookies<\/b><\/u><br>\r\nQUANTEL MEDICAL ofrece una barra de herramientas de administraci\u00f3n de cookies que se ajusta a las nuevas recomendaciones de la CNIL, la agencia de protecci\u00f3n de datos de Francia. As\u00ed, tiene la posibilidad de aceptar, personalizar o rechazar las cookies directamente desde nuestro sitio web indicando su elecci\u00f3n a trav\u00e9s de la barra de herramientas que ver\u00e1 en la parte inferior de la pantalla.<\/p><br><p>&nbsp;<\/p><br>\t\t\t\t\t\t\t\t<\/div>\n\t\t\t\t<\/div>\n\t\t\t\t<div class=\"elementor-element elementor-element-09a15cf elementor-widget elementor-widget-spacer\" data-id=\"09a15cf\" data-element_type=\"widget\" data-e-type=\"widget\" data-widget_type=\"spacer.default\">\n\t\t\t\t<div class=\"elementor-widget-container\">\n\t\t\t\t\t\t\t<div class=\"elementor-spacer\">\n\t\t\t<div class=\"elementor-spacer-inner\"><\/div>\n\t\t<\/div>\n\t\t\t\t\t\t<\/div>\n\t\t\t\t<\/div>\n\t\t\t\t<div class=\"elementor-element elementor-element-503436d elementor-widget elementor-widget-heading\" data-id=\"503436d\" data-element_type=\"widget\" data-e-type=\"widget\" data-widget_type=\"heading.default\">\n\t\t\t\t<div class=\"elementor-widget-container\">\n\t\t\t\t\t<h2 class=\"elementor-heading-title elementor-size-default\">Actualizaci\u00f3n de la pol\u00edtica de cookies<\/h2>\t\t\t\t<\/div>\n\t\t\t\t<\/div>\n\t\t\t\t<div class=\"elementor-element elementor-element-116cc14 elementor-widget elementor-widget-text-editor\" data-id=\"116cc14\" data-element_type=\"widget\" data-e-type=\"widget\" data-widget_type=\"text-editor.default\">\n\t\t\t\t<div class=\"elementor-widget-container\">\n\t\t\t\t\t\t\t\t\t<p>La presente pol\u00edtica de cookies podr\u00eda modificarse. La \u00faltima actualizaci\u00f3n se realiz\u00f3 el 03.10.2025.<\/p>\n\t\t\t\t\t\t\t\t<\/div>\n\t\t\t\t<\/div>\n\t\t\t\t\t<\/div>\n\t\t<\/div>\n\t\t\t\t\t<\/div>\n\t\t<\/section>\n\t\t\t\t<\/div>\n\t\t","protected":false},"excerpt":{"rendered":"<p>Subliminal Laser Therapy for Retinal Disorders Pol\u00edtica de cookies Algunas funciones de este sitio se basan en el uso de cookies. El banner de cookies no se muestra en la p\u00e1gina de inicio durante la navegaci\u00f3n, ya que solo se depositan las cookies necesarias para el funcionamiento del sitio (no obstante, puede oponerse a ello [&hellip;]<\/p>\n","protected":false},"author":2,"featured_media":0,"parent":0,"menu_order":10,"comment_status":"closed","ping_status":"closed","template":"","meta":{"_acf_changed":false,"footnotes":""},"class_list":["post-4730","page","type-page","status-publish","hentry"],"acf":[],"_links":{"self":[{"href":"https:\/\/www.subliminal-laser-therapy.com\/es\/wp-json\/wp\/v2\/pages\/4730","targetHints":{"allow":["GET"]}}],"collection":[{"href":"https:\/\/www.subliminal-laser-therapy.com\/es\/wp-json\/wp\/v2\/pages"}],"about":[{"href":"https:\/\/www.subliminal-laser-therapy.com\/es\/wp-json\/wp\/v2\/types\/page"}],"author":[{"embeddable":true,"href":"https:\/\/www.subliminal-laser-therapy.com\/es\/wp-json\/wp\/v2\/users\/2"}],"replies":[{"embeddable":true,"href":"https:\/\/www.subliminal-laser-therapy.com\/es\/wp-json\/wp\/v2\/comments?post=4730"}],"version-history":[{"count":5,"href":"https:\/\/www.subliminal-laser-therapy.com\/es\/wp-json\/wp\/v2\/pages\/4730\/revisions"}],"predecessor-version":[{"id":6660,"href":"https:\/\/www.subliminal-laser-therapy.com\/es\/wp-json\/wp\/v2\/pages\/4730\/revisions\/6660"}],"wp:attachment":[{"href":"https:\/\/www.subliminal-laser-therapy.com\/es\/wp-json\/wp\/v2\/media?parent=4730"}],"curies":[{"name":"wp","href":"https:\/\/api.w.org\/{rel}","templated":true}]}}